{"id":10263,"date":"2021-01-31T15:00:41","date_gmt":"2021-01-31T15:00:41","guid":{"rendered":"https:\/\/clovergin.com\/?post_type=product&#038;p=10263"},"modified":"2022-12-08T20:00:34","modified_gmt":"2022-12-08T20:00:34","slug":"clover-recipe-book","status":"publish","type":"product","link":"https:\/\/clovergin.com\/fr\/shop\/clover-recipe-book\/","title":{"rendered":"Clover recipe book"},"content":{"rendered":"","protected":false},"excerpt":{"rendered":"<p>Clover gin secret recipes<\/p>\n<div class=\"page\" title=\"Page 5\">\n<div class=\"section\">\n<div class=\"layoutArea\">\n<div class=\"column\">\n<p>Nous avons uni nos forces pour cr\u00e9er une gamme de\ngins au go\u00fbt et avec des ar\u00f4mes uniques.\nMais le gin Clover est bien plus qu\u2019un simple gin. Nous essayons de vous apporter un ensemble\ncomplet de gin, verres, accessoires et bien s\u00fbr\nde d\u00e9licieux cocktails. Pour cr\u00e9er nos cocktails\nsignature Clover, nous avons collabor\u00e9 avec\nplusieurs mixologues tels que Senna Meloni et Mathias Soberon qui nous ont aid\u00e9s \u00e0 assembler les ingr\u00e9dients\nparfaits et \u00e0 cr\u00e9er un cocktail \u00e9quilibr\u00e9.<\/p>\n<p>ous pouvons donc vous garantir de d\u00e9licieux\ncocktails et cela avec des combinaisons surprenantes de diff\u00e9rents ingr\u00e9dients.<\/p>\n<p>Comprend plus de 30 recettes!<\/p>\n<p>!! ATTENTION : LORS DE LA COMMANDE, INDIQUEZ-NOUS DANS QUELLE LANGUE VOTRE LIVRET DOIT \u00caTRE (NL-FR-ENG) !!<\/p>","protected":false},"featured_media":10499,"comment_status":"closed","ping_status":"closed","template":"","meta":{"_acf_changed":false,"_seopress_robots_primary_cat":"none","_seopress_titles_title":"Clover gin recipe book ","_seopress_titles_desc":"We guarantee you delicious cocktails and some surprising combinations of ingredients.\r\n\r\nContains over 30 recipes !","_seopress_robots_index":""},"product_brand":[],"product_cat":[15],"product_tag":[],"class_list":{"0":"post-10263","1":"product","2":"type-product","3":"status-publish","4":"has-post-thumbnail","6":"product_cat-accessories","8":"first","9":"instock","10":"taxable","11":"shipping-taxable","12":"purchasable","13":"product-type-simple"},"acf":[],"jetpack_sharing_enabled":true,"_links":{"self":[{"href":"https:\/\/clovergin.com\/fr\/wp-json\/wp\/v2\/product\/10263","targetHints":{"allow":["GET"]}}],"collection":[{"href":"https:\/\/clovergin.com\/fr\/wp-json\/wp\/v2\/product"}],"about":[{"href":"https:\/\/clovergin.com\/fr\/wp-json\/wp\/v2\/types\/product"}],"replies":[{"embeddable":true,"href":"https:\/\/clovergin.com\/fr\/wp-json\/wp\/v2\/comments?post=10263"}],"wp:featuredmedia":[{"embeddable":true,"href":"https:\/\/clovergin.com\/fr\/wp-json\/wp\/v2\/media\/10499"}],"wp:attachment":[{"href":"https:\/\/clovergin.com\/fr\/wp-json\/wp\/v2\/media?parent=10263"}],"wp:term":[{"taxonomy":"product_brand","embeddable":true,"href":"https:\/\/clovergin.com\/fr\/wp-json\/wp\/v2\/product_brand?post=10263"},{"taxonomy":"product_cat","embeddable":true,"href":"https:\/\/clovergin.com\/fr\/wp-json\/wp\/v2\/product_cat?post=10263"},{"taxonomy":"product_tag","embeddable":true,"href":"https:\/\/clovergin.com\/fr\/wp-json\/wp\/v2\/product_tag?post=10263"}],"curies":[{"name":"wp","href":"https:\/\/api.w.org\/{rel}","templated":true}]}}